{"id":1891,"date":"2026-02-25T16:57:07","date_gmt":"2026-02-25T16:57:07","guid":{"rendered":"https:\/\/www.liturgico.criarsite.online\/?page_id=1891"},"modified":"2026-05-13T14:05:49","modified_gmt":"2026-05-13T14:05:49","slug":"quinta-feira","status":"publish","type":"page","link":"https:\/\/www.liturgico.criarsite.online\/?page_id=1891","title":{"rendered":"Quinta-Feira"},"content":{"rendered":"\n<p><strong>Cor Lit\u00fargica: Vermelho<\/strong><strong><\/strong><\/p>\n\n\n\n<h3 class=\"wp-block-heading has-black-color has-text-color has-link-color wp-elements-23d49192222be9372949c2f4b4520f7c\">S\u00e3o Matias, Ap\u00f3stolo | Festa | Quinta-feira<\/h3>\n\n\n\n<p class=\"has-blush-bordeaux-gradient-background has-background has-medium-font-size\"><strong>&nbsp;1\u00aa&nbsp; Leitura<\/strong><strong><\/strong><\/p>\n\n\n\n<p><strong>Primeira Leitura (At 1,15-17.20-26)<\/strong><strong><\/strong><\/p>\n\n\n\n<p><strong>Leitura dos Atos dos Ap\u00f3stolos.<\/strong><\/p>\n\n\n\n<p><strong>15<\/strong><strong>&nbsp;Naqueles dias, Pedro levantou-se no meio dos irm\u00e3os e disse:<\/strong><strong>&nbsp;16<\/strong><strong>&nbsp;&#8220;Irm\u00e3os, era preciso que se cumprisse o que o Esp\u00edrito Santo, por meio de Davi, anunciou na Escritura sobre Judas, que se tornou o guia daqueles que prenderam Jesus.&nbsp;<\/strong><strong>17<\/strong><strong>&nbsp;Judas era um dos nossos e participava do mesmo minist\u00e9rio.&nbsp;<\/strong><strong>20<\/strong><strong>&nbsp;De fato, no livro dos Salmos est\u00e1 escrito: &#8216;fique deserta a sua morada, nem haja quem nela habite!&#8217; E ainda: &#8216;Que outro ocupe o seu lugar!&#8217;&nbsp;<\/strong><strong>21<\/strong><strong>&nbsp;H\u00e1 homens que nos acompanharam durante todo o tempo em que o Senhor Jesus vivia no meio de n\u00f3s,&nbsp;<\/strong><strong>22<\/strong><strong>&nbsp;a come\u00e7ar pelo batismo de Jo\u00e3o at\u00e9 ao dia em que foi elevado ao c\u00e9u. Agora, \u00e9 preciso que um deles se junte a n\u00f3s para ser testemunha da sua ressurrei\u00e7\u00e3o&#8221;.&nbsp;<\/strong><strong>23<\/strong><strong>&nbsp;Ent\u00e3o eles apresentaram dois homens: Jos\u00e9, chamado Barsab\u00e1s, que tinha o apelido de Justo, e Matias.&nbsp;<\/strong><strong>24<\/strong><strong>&nbsp;Em seguida, fizeram esta ora\u00e7\u00e3o: &#8220;Senhor, tu conheces os cora\u00e7\u00f5es de todos. Mostra-nos qual destes dois escolhestes&nbsp;<\/strong><strong>25<\/strong><strong>&nbsp;para ocupar, neste minist\u00e9rio e apostolado, o lugar que Judas abandonou para seguir o seu destino!&#8221;&nbsp;<\/strong><strong>26<\/strong><strong>&nbsp;Ent\u00e3o tiraram a sorte entre os dois. A sorte caiu em Matias, o qual foi juntado ao n\u00famero dos onze ap\u00f3stolos.<\/strong><\/p>\n\n\n\n<p><strong>&#8211; Palavra do Senhor.<\/strong><\/p>\n\n\n\n<p><strong>&#8211; Gra\u00e7as a Deus.<\/strong><\/p>\n\n\n\n<p class=\"has-blush-bordeaux-gradient-background has-background has-medium-font-size\"><strong>Salmo<\/strong><\/p>\n\n\n\n<p><strong>Respons\u00f3rio&nbsp;Sl 112(113),1-2.3-4.5-6.7-8 (R. cf. 8)<\/strong><strong><\/strong><\/p>\n\n\n\n<p><strong>&#8211; O Senhor fez o indigente assentar-se com os nobres.<\/strong><\/p>\n\n\n\n<p><strong>&#8211; O Senhor fez o indigente assentar-se com os nobres.<\/strong><strong><\/strong><\/p>\n\n\n\n<p><strong>&#8211; Louvai, louvai, \u00f3 servos do Senhor, louvai, louvai o nome do Senhor! Bendito seja o nome do Senhor, agora e por toda a eternidade!&nbsp;<\/strong><\/p>\n\n\n\n<p><strong>&#8211; Do nascer do sol at\u00e9 o seu ocaso, louvado seja o nome do Senhor! O Senhor est\u00e1 acima das na\u00e7\u00f5es, sua gl\u00f3ria vai al\u00e9m dos altos c\u00e9us.&nbsp;<\/strong><\/p>\n\n\n\n<p><strong>&#8211; Quem pode comparar-se ao nosso Deus, ao Senhor, que no alto c\u00e9u tem o seu trono e se inclina para olhar o c\u00e9u e a terra?&nbsp;<\/strong><\/p>\n\n\n\n<p><strong>&#8211; Levanta da poeira o indigente e do lixo ele retira o pobrezinho, para faz\u00ea-lo assentar-se com os nobres, assentar-se com nobres do seu povo.&nbsp;<\/strong><\/p>\n\n\n\n<p class=\"has-blush-bordeaux-gradient-background has-background has-medium-font-size\"><strong>Evangelho<\/strong><\/p>\n\n\n\n<p><strong>Evangelho (Jo 15,9-17)<\/strong><strong><\/strong><\/p>\n\n\n\n<p><strong>&#8211; Aleluia, Aleluia, Aleluia.<\/strong><\/p>\n\n\n\n<p><strong>&#8211; Eu vos designei para que vades e deis frutos e o vosso fruto permane\u00e7a.<\/strong><\/p>\n\n\n\n<p><strong>Proclama\u00e7\u00e3o do Evangelho de Jesus Cristo segundo Jo\u00e3o.<\/strong><\/p>\n\n\n\n<p><strong>-Gl\u00f3ria a v\u00f3s, Senhor.<\/strong><strong><\/strong><\/p>\n\n\n\n<p><strong>Naquele tempo, disse Jesus a seus disc\u00edpulos:&nbsp;<\/strong><strong>9<\/strong><strong>&nbsp;Como meu Pai me amou, assim tamb\u00e9m eu vos amei. Permanecei no meu amor.&nbsp;<\/strong><strong>10<\/strong><strong>&nbsp;Se guardardes os meus mandamentos, permanecereis no meu amor, assim como eu guardei os mandamentos do meu Pai e permane\u00e7o no seu amor.&nbsp;<\/strong><strong>11<\/strong><strong>&nbsp;Eu vos disse isto, para que a minha alegria esteja em v\u00f3s e a vossa alegria seja plena.&nbsp;<\/strong><strong>12<\/strong><strong>&nbsp;Este \u00e9 o meu mandamento: amai-vos uns aos outros, assim como eu vos amei.&nbsp;<\/strong><strong>13<\/strong><strong>&nbsp;Ningu\u00e9m tem amor maior do que aquele que d\u00e1 sua vida pelos amigos.&nbsp;<\/strong><strong>14<\/strong><strong>&nbsp;V\u00f3s sois meus amigos, se fizerdes o que eu vos mando.&nbsp;<\/strong><strong>15<\/strong><strong>&nbsp;J\u00e1 n\u00e3o vos chamo servos, pois o servo n\u00e3o sabe o que faz o seu senhor. Eu vos chamo amigos, porque vos dei a conhecer tudo o que ouvi de meu Pai.&nbsp;<\/strong><strong>16<\/strong><strong>&nbsp;N\u00e3o fostes v\u00f3s que me escolhestes, mas fui eu que vos escolhi e vos designei para irdes e para que produzais fruto e o vosso fruto permane\u00e7a. O que ent\u00e3o pedirdes ao Pai em meu nome, ele vo-lo conceder\u00e1.&nbsp;<\/strong><strong>17<\/strong><strong>&nbsp;Isto \u00e9 o que vos ordeno: amai-vos uns aos outros.<\/strong><\/p>\n\n\n\n<p><strong>\u2014 Palavra da Salva\u00e7\u00e3o.<\/strong><\/p>\n\n\n\n<p><strong>\u2014 Gl\u00f3ria a v\u00f3s, Senhor.<\/strong><\/p>\n","protected":false},"excerpt":{"rendered":"<p>Cor Lit\u00fargica: Vermelho S\u00e3o Matias, Ap\u00f3stolo | Festa | Quinta-feira &nbsp;1\u00aa&nbsp; Leitura Primeira Leitura (At 1,15-17.20-26) Leitura dos Atos dos [&hellip;]<\/p>\n","protected":false},"author":1,"featured_media":0,"parent":0,"menu_order":0,"comment_status":"closed","ping_status":"closed","template":"","meta":{"_uag_custom_page_level_css":"","_monsterinsights_skip_tracking":false,"_monsterinsights_sitenote_active":false,"_monsterinsights_sitenote_note":"","_monsterinsights_sitenote_category":0,"_uf_show_specific_survey":0,"_uf_disable_surveys":false,"site-sidebar-layout":"default","site-content-layout":"","ast-site-content-layout":"default","site-content-style":"default","site-sidebar-style":"default","ast-global-header-display":"","ast-banner-title-visibility":"","ast-main-header-display":"","ast-hfb-above-header-display":"","ast-hfb-below-header-display":"","ast-hfb-mobile-header-display":"","site-post-title":"","ast-breadcrumbs-content":"","ast-featured-img":"","footer-sml-layout":"","ast-disable-related-posts":"","theme-transparent-header-meta":"","adv-header-id-meta":"","stick-header-meta":"","header-above-stick-meta":"","header-main-stick-meta":"","header-below-stick-meta":"","astra-migrate-meta-layouts":"default","ast-page-background-enabled":"default","ast-page-background-meta":{"desktop":{"background-color":"var(--ast-global-color-5)","background-image":"","background-repeat":"repeat","background-position":"center center","background-size":"auto","background-attachment":"scroll","background-type":"","background-media":"","overlay-type":"","overlay-color":"","overlay-opacity":"","overlay-gradient":""},"tablet":{"background-color":"","background-image":"","background-repeat":"repeat","background-position":"center center","background-size":"auto","background-attachment":"scroll","background-type":"","background-media":"","overlay-type":"","overlay-color":"","overlay-opacity":"","overlay-gradient":""},"mobile":{"background-color":"","background-image":"","background-repeat":"repeat","background-position":"center center","background-size":"auto","background-attachment":"scroll","background-type":"","background-media":"","overlay-type":"","overlay-color":"","overlay-opacity":"","overlay-gradient":""}},"ast-content-background-meta":{"desktop":{"background-color":"var(--ast-global-color-4)","background-image":"","background-repeat":"repeat","background-position":"center center","background-size":"auto","background-attachment":"scroll","background-type":"","background-media":"","overlay-type":"","overlay-color":"","overlay-opacity":"","overlay-gradient":""},"tablet":{"background-color":"var(--ast-global-color-4)","background-image":"","background-repeat":"repeat","background-position":"center center","background-size":"auto","background-attachment":"scroll","background-type":"","background-media":"","overlay-type":"","overlay-color":"","overlay-opacity":"","overlay-gradient":""},"mobile":{"background-color":"var(--ast-global-color-4)","background-image":"","background-repeat":"repeat","background-position":"center center","background-size":"auto","background-attachment":"scroll","background-type":"","background-media":"","overlay-type":"","overlay-color":"","overlay-opacity":"","overlay-gradient":""}},"footnotes":""},"class_list":["post-1891","page","type-page","status-publish","hentry"],"featured_image_src":null,"yoast_head":"<!-- This site is optimized with the Yoast SEO plugin v27.6 - https:\/\/yoast.com\/product\/yoast-seo-wordpress\/ -->\n<title>Quinta-Feira - Liturgia<\/title>\n<meta name=\"robots\" content=\"index, follow, max-snippet:-1, max-image-preview:large, max-video-preview:-1\" \/>\n<link rel=\"canonical\" href=\"https:\/\/www.liturgico.criarsite.online\/?page_id=1891\" \/>\n<meta property=\"og:locale\" content=\"pt_BR\" \/>\n<meta property=\"og:type\" content=\"article\" \/>\n<meta property=\"og:title\" content=\"Quinta-Feira - Liturgia\" \/>\n<meta property=\"og:description\" content=\"Cor Lit\u00fargica: Vermelho S\u00e3o Matias, Ap\u00f3stolo | Festa | Quinta-feira &nbsp;1\u00aa&nbsp; Leitura Primeira Leitura (At 1,15-17.20-26) Leitura dos Atos dos [&hellip;]\" \/>\n<meta property=\"og:url\" content=\"https:\/\/www.liturgico.criarsite.online\/?page_id=1891\" \/>\n<meta property=\"og:site_name\" content=\"Liturgia\" \/>\n<meta property=\"article:publisher\" content=\"https:\/\/www.facebook.com\/CatedraldeAracaju\/\" \/>\n<meta property=\"article:modified_time\" content=\"2026-05-13T14:05:49+00:00\" \/>\n<meta name=\"twitter:card\" content=\"summary_large_image\" \/>\n<meta name=\"twitter:label1\" content=\"Est. tempo de leitura\" \/>\n\t<meta name=\"twitter:data1\" content=\"4 minutos\" \/>\n<script type=\"application\/ld+json\" class=\"yoast-schema-graph\">{\"@context\":\"https:\\\/\\\/schema.org\",\"@graph\":[{\"@type\":\"WebPage\",\"@id\":\"https:\\\/\\\/www.liturgico.criarsite.online\\\/?page_id=1891\",\"url\":\"https:\\\/\\\/www.liturgico.criarsite.online\\\/?page_id=1891\",\"name\":\"Quinta-Feira - Liturgia\",\"isPartOf\":{\"@id\":\"https:\\\/\\\/www.liturgico.criarsite.online\\\/#website\"},\"datePublished\":\"2026-02-25T16:57:07+00:00\",\"dateModified\":\"2026-05-13T14:05:49+00:00\",\"breadcrumb\":{\"@id\":\"https:\\\/\\\/www.liturgico.criarsite.online\\\/?page_id=1891#breadcrumb\"},\"inLanguage\":\"pt-BR\",\"potentialAction\":[{\"@type\":\"ReadAction\",\"target\":[\"https:\\\/\\\/www.liturgico.criarsite.online\\\/?page_id=1891\"]}]},{\"@type\":\"BreadcrumbList\",\"@id\":\"https:\\\/\\\/www.liturgico.criarsite.online\\\/?page_id=1891#breadcrumb\",\"itemListElement\":[{\"@type\":\"ListItem\",\"position\":1,\"name\":\"In\u00edcio\",\"item\":\"https:\\\/\\\/www.liturgico.criarsite.online\\\/\"},{\"@type\":\"ListItem\",\"position\":2,\"name\":\"Quinta-Feira\"}]},{\"@type\":\"WebSite\",\"@id\":\"https:\\\/\\\/www.liturgico.criarsite.online\\\/#website\",\"url\":\"https:\\\/\\\/www.liturgico.criarsite.online\\\/\",\"name\":\"https:\\\/\\\/www.liturgico.criarsite.online\\\/\",\"description\":\"Liturgia Di\u00e1ria\",\"potentialAction\":[{\"@type\":\"SearchAction\",\"target\":{\"@type\":\"EntryPoint\",\"urlTemplate\":\"https:\\\/\\\/www.liturgico.criarsite.online\\\/?s={search_term_string}\"},\"query-input\":{\"@type\":\"PropertyValueSpecification\",\"valueRequired\":true,\"valueName\":\"search_term_string\"}}],\"inLanguage\":\"pt-BR\"}]}<\/script>\n<!-- \/ Yoast SEO plugin. -->","yoast_head_json":{"title":"Quinta-Feira - Liturgia","robots":{"index":"index","follow":"follow","max-snippet":"max-snippet:-1","max-image-preview":"max-image-preview:large","max-video-preview":"max-video-preview:-1"},"canonical":"https:\/\/www.liturgico.criarsite.online\/?page_id=1891","og_locale":"pt_BR","og_type":"article","og_title":"Quinta-Feira - Liturgia","og_description":"Cor Lit\u00fargica: Vermelho S\u00e3o Matias, Ap\u00f3stolo | Festa | Quinta-feira &nbsp;1\u00aa&nbsp; Leitura Primeira Leitura (At 1,15-17.20-26) Leitura dos Atos dos [&hellip;]","og_url":"https:\/\/www.liturgico.criarsite.online\/?page_id=1891","og_site_name":"Liturgia","article_publisher":"https:\/\/www.facebook.com\/CatedraldeAracaju\/","article_modified_time":"2026-05-13T14:05:49+00:00","twitter_card":"summary_large_image","twitter_misc":{"Est. tempo de leitura":"4 minutos"},"schema":{"@context":"https:\/\/schema.org","@graph":[{"@type":"WebPage","@id":"https:\/\/www.liturgico.criarsite.online\/?page_id=1891","url":"https:\/\/www.liturgico.criarsite.online\/?page_id=1891","name":"Quinta-Feira - Liturgia","isPartOf":{"@id":"https:\/\/www.liturgico.criarsite.online\/#website"},"datePublished":"2026-02-25T16:57:07+00:00","dateModified":"2026-05-13T14:05:49+00:00","breadcrumb":{"@id":"https:\/\/www.liturgico.criarsite.online\/?page_id=1891#breadcrumb"},"inLanguage":"pt-BR","potentialAction":[{"@type":"ReadAction","target":["https:\/\/www.liturgico.criarsite.online\/?page_id=1891"]}]},{"@type":"BreadcrumbList","@id":"https:\/\/www.liturgico.criarsite.online\/?page_id=1891#breadcrumb","itemListElement":[{"@type":"ListItem","position":1,"name":"In\u00edcio","item":"https:\/\/www.liturgico.criarsite.online\/"},{"@type":"ListItem","position":2,"name":"Quinta-Feira"}]},{"@type":"WebSite","@id":"https:\/\/www.liturgico.criarsite.online\/#website","url":"https:\/\/www.liturgico.criarsite.online\/","name":"https:\/\/www.liturgico.criarsite.online\/","description":"Liturgia Di\u00e1ria","potentialAction":[{"@type":"SearchAction","target":{"@type":"EntryPoint","urlTemplate":"https:\/\/www.liturgico.criarsite.online\/?s={search_term_string}"},"query-input":{"@type":"PropertyValueSpecification","valueRequired":true,"valueName":"search_term_string"}}],"inLanguage":"pt-BR"}]}},"uagb_featured_image_src":{"full":false,"thumbnail":false,"medium":false,"medium_large":false,"large":false,"1536x1536":false,"2048x2048":false},"uagb_author_info":{"display_name":"Siqueira","author_link":"https:\/\/www.liturgico.criarsite.online\/?author=1"},"uagb_comment_info":0,"uagb_excerpt":"Cor Lit\u00fargica: Vermelho S\u00e3o Matias, Ap\u00f3stolo | Festa | Quinta-feira &nbsp;1\u00aa&nbsp; Leitura Primeira Leitura (At 1,15-17.20-26) Leitura dos Atos dos [&hellip;]","_links":{"self":[{"href":"https:\/\/www.liturgico.criarsite.online\/index.php?rest_route=\/wp\/v2\/pages\/1891","targetHints":{"allow":["GET"]}}],"collection":[{"href":"https:\/\/www.liturgico.criarsite.online\/index.php?rest_route=\/wp\/v2\/pages"}],"about":[{"href":"https:\/\/www.liturgico.criarsite.online\/index.php?rest_route=\/wp\/v2\/types\/page"}],"author":[{"embeddable":true,"href":"https:\/\/www.liturgico.criarsite.online\/index.php?rest_route=\/wp\/v2\/users\/1"}],"replies":[{"embeddable":true,"href":"https:\/\/www.liturgico.criarsite.online\/index.php?rest_route=%2Fwp%2Fv2%2Fcomments&post=1891"}],"version-history":[{"count":10,"href":"https:\/\/www.liturgico.criarsite.online\/index.php?rest_route=\/wp\/v2\/pages\/1891\/revisions"}],"predecessor-version":[{"id":2400,"href":"https:\/\/www.liturgico.criarsite.online\/index.php?rest_route=\/wp\/v2\/pages\/1891\/revisions\/2400"}],"wp:attachment":[{"href":"https:\/\/www.liturgico.criarsite.online\/index.php?rest_route=%2Fwp%2Fv2%2Fmedia&parent=1891"}],"curies":[{"name":"wp","href":"https:\/\/api.w.org\/{rel}","templated":true}]}}