{"id":1442,"date":"2025-10-27T21:11:11","date_gmt":"2025-10-27T21:11:11","guid":{"rendered":"https:\/\/www.liturgico.criarsite.online\/?page_id=1442"},"modified":"2026-05-04T19:05:48","modified_gmt":"2026-05-04T19:05:48","slug":"terca-feira","status":"publish","type":"page","link":"https:\/\/www.liturgico.criarsite.online\/?page_id=1442","title":{"rendered":"Ter\u00e7a-Feira"},"content":{"rendered":"\n<p><strong>Cor Lit\u00fargica: Branco<\/strong><strong><\/strong><\/p>\n\n\n\n<h3 class=\"wp-block-heading has-black-color has-text-color has-link-color wp-elements-1e10f5cea077a5e3cb25aabc76f0ddc4\">5\u00aa Semana da P\u00e1scoa | Ter\u00e7a-feira<\/h3>\n\n\n\n<p class=\"has-very-light-gray-to-cyan-bluish-gray-gradient-background has-background has-medium-font-size\"><strong>1\u00aa&nbsp; Leitura<\/strong><strong><\/strong><\/p>\n\n\n\n<p><strong>Primeira Leitura (At 14,19-28)<\/strong><strong><\/strong><\/p>\n\n\n\n<p><strong>Leitura dos Atos dos Ap\u00f3stolos.<\/strong><\/p>\n\n\n\n<p><strong>Naqueles dias,&nbsp;<\/strong><strong>19<\/strong><strong>&nbsp;de Antioquia e Ic\u00f4nio chegaram judeus que convenceram as multid\u00f5es. Ent\u00e3o apedrejaram Paulo e arrastaram-no para fora da cidade, pensando que ele estivesse morto.&nbsp;<\/strong><strong>20<\/strong><strong>&nbsp;Mas, enquanto os disc\u00edpulos o rodeavam, Paulo levantou-se e entrou na cidade. No dia seguinte, partiu para Derbe com Barnab\u00e9.&nbsp;<\/strong><strong>21<\/strong><strong>&nbsp;Depois de terem pregado o Evangelho naquela cidade e feito muitos disc\u00edpulos, voltaram para Listra, Ic\u00f4nio e Antioquia.&nbsp;<\/strong><strong>22<\/strong><strong>&nbsp;Encorajando os disc\u00edpulos, eles os exortavam a permanecerem firmes na f\u00e9, dizendo-lhes: &#8220;\u00c9 preciso que passemos por muitos sofrimentos para entrar no Reino de Deus&#8221;.&nbsp;<\/strong><strong>23<\/strong><strong>&nbsp;Os ap\u00f3stolos designaram presb\u00edteros para cada comunidade. Com ora\u00e7\u00f5es e jejuns, eles os confiavam ao Senhor, em quem haviam acreditado.&nbsp;<\/strong><strong>24<\/strong><strong>&nbsp;Em seguida, atravessando a Pis\u00eddia, chegaram \u00e0 Panf\u00edlia.&nbsp;<\/strong><strong>25<\/strong><strong>&nbsp;Anunciaram a palavra em Perge, e depois desceram para At\u00e1lia.&nbsp;<\/strong><strong>26<\/strong><strong>&nbsp;Dali embarcaram para Antioquia, de onde tinham sa\u00eddo, entregues \u00e0 gra\u00e7a de Deus, para o trabalho que haviam realizado.&nbsp;<\/strong><strong>27<\/strong><strong>&nbsp;Chegando ali, reuniram a comunidade. Contaram-lhe tudo o que Deus fizera por meio deles e como havia aberto a porta da f\u00e9 para os pag\u00e3os.&nbsp;<\/strong><strong>28<\/strong><strong>&nbsp;E passaram ent\u00e3o algum tempo com os disc\u00edpulos. Palavra do Senhor.<\/strong><\/p>\n\n\n\n<p><strong>&#8211; Palavra do Senhor.<\/strong><\/p>\n\n\n\n<p><strong>&#8211; Gra\u00e7as a Deus.<\/strong><\/p>\n\n\n\n<p class=\"has-very-light-gray-to-cyan-bluish-gray-gradient-background has-background has-medium-font-size\"><strong>Salmo<\/strong><\/p>\n\n\n\n<p><strong>Respons\u00f3rio&nbsp;Sl 144(145),10-11.12-13ab.21 (R. cf. 12a)<\/strong><strong><\/strong><\/p>\n\n\n\n<p><strong>&#8211; \u00d3 Senhor, vossos amigos anunciem vosso Reino glorioso.<\/strong><\/p>\n\n\n\n<p><strong>&#8211; \u00d3 Senhor, vossos amigos anunciem vosso Reino glorioso.<\/strong><strong><\/strong><\/p>\n\n\n\n<p><strong>&#8211; Que vossas obras, \u00f3 Senhor, vos glorifiquem, e os vossos santos com louvores vos bendigam! Narrem a gl\u00f3ria e o esplendor do vosso reino e saibam proclamar vosso poder!&nbsp;<\/strong><\/p>\n\n\n\n<p><strong>&#8211; Para espalhar vossos prod\u00edgios entre os homens e o fulgor de vosso reino esplendoroso. O vosso reino \u00e9 um reino para sempre, vosso poder, de gera\u00e7\u00e3o em gera\u00e7\u00e3o.<\/strong><\/p>\n\n\n\n<p><strong>&#8211; Que a minha boca cante a gl\u00f3ria do Senhor e que bendiga todo ser seu nome santo desde agora, para sempre e pelos s\u00e9culos.&nbsp;<\/strong><\/p>\n\n\n\n<p class=\"has-very-light-gray-to-cyan-bluish-gray-gradient-background has-background has-medium-font-size\"><strong>Evangelho<\/strong><\/p>\n\n\n\n<p><strong>Evangelho (Jo 14,27-31a)<\/strong><strong><\/strong><\/p>\n\n\n\n<p><strong>&#8211; Aleluia, Aleluia, Aleluia.<\/strong><\/p>\n\n\n\n<p><strong>&#8211; Era preciso que Cristo sofresse e ressuscitasse dos mortos, para entrar em sua gl\u00f3ria, aleluia!<\/strong><\/p>\n\n\n\n<p><strong>Proclama\u00e7\u00e3o do Evangelho de Jesus Cristo segundo Jo\u00e3o.<\/strong><\/p>\n\n\n\n<p><strong>-Gl\u00f3ria a v\u00f3s, Senhor.<\/strong><strong><\/strong><\/p>\n\n\n\n<p><strong>Naquele tempo, disse Jesus a seus disc\u00edpulos:&nbsp;<\/strong><strong>27<\/strong><strong>&nbsp;&#8220;Deixo-vos a paz, a minha paz vos dou; mas n\u00e3o a dou como o mundo. N\u00e3o se perturbe nem se intimide o vosso cora\u00e7\u00e3o.&nbsp;<\/strong><strong>28<\/strong><strong>&nbsp;Ouvistes que eu vos disse: &#8216;Vou, mas voltarei a v\u00f3s&#8217;. Se me am\u00e1sseis, ficar\u00edeis alegres porque vou para o Pai, pois o Pai \u00e9 maior do que eu.&nbsp;<\/strong><strong>29<\/strong><strong>&nbsp;Disse-vos isto, agora, antes que aconte\u00e7a, para que, quando acontecer, v\u00f3s acrediteis.&nbsp;<\/strong><strong>30<\/strong><strong>&nbsp;J\u00e1 n\u00e3o falarei muito convosco, pois o chefe deste mundo vem. Ele n\u00e3o tem poder sobre mim,&nbsp;<\/strong><strong>31a<\/strong><strong>&nbsp;mas, para que o mundo reconhe\u00e7a que eu amo o Pai, eu procedo conforme o Pai me ordenou&#8221;.<\/strong><\/p>\n\n\n\n<p><strong>\u2014 Palavra da Salva\u00e7\u00e3o.<\/strong><strong>\u2014 Gl\u00f3ria a v\u00f3s, Senhor.<\/strong><\/p>\n","protected":false},"excerpt":{"rendered":"<p>Cor Lit\u00fargica: Branco 5\u00aa Semana da P\u00e1scoa | Ter\u00e7a-feira 1\u00aa&nbsp; Leitura Primeira Leitura (At 14,19-28) Leitura dos Atos dos Ap\u00f3stolos. [&hellip;]<\/p>\n","protected":false},"author":1,"featured_media":0,"parent":0,"menu_order":0,"comment_status":"closed","ping_status":"closed","template":"","meta":{"_uag_custom_page_level_css":"","_monsterinsights_skip_tracking":false,"_monsterinsights_sitenote_active":false,"_monsterinsights_sitenote_note":"","_monsterinsights_sitenote_category":0,"_uf_show_specific_survey":0,"_uf_disable_surveys":false,"site-sidebar-layout":"default","site-content-layout":"","ast-site-content-layout":"full-width-container","site-content-style":"boxed","site-sidebar-style":"unboxed","ast-global-header-display":"","ast-banner-title-visibility":"","ast-main-header-display":"disabled","ast-hfb-above-header-display":"","ast-hfb-below-header-display":"","ast-hfb-mobile-header-display":"","site-post-title":"","ast-breadcrumbs-content":"","ast-featured-img":"","footer-sml-layout":"","ast-disable-related-posts":"","theme-transparent-header-meta":"enabled","adv-header-id-meta":"","stick-header-meta":"","header-above-stick-meta":"","header-main-stick-meta":"","header-below-stick-meta":"","astra-migrate-meta-layouts":"set","ast-page-background-enabled":"default","ast-page-background-meta":{"desktop":{"background-color":"var(--ast-global-color-5)","background-image":"","background-repeat":"repeat","background-position":"center center","background-size":"auto","background-attachment":"scroll","background-type":"","background-media":"","overlay-type":"","overlay-color":"","overlay-opacity":"","overlay-gradient":""},"tablet":{"background-color":"","background-image":"","background-repeat":"repeat","background-position":"center center","background-size":"auto","background-attachment":"scroll","background-type":"","background-media":"","overlay-type":"","overlay-color":"","overlay-opacity":"","overlay-gradient":""},"mobile":{"background-color":"","background-image":"","background-repeat":"repeat","background-position":"center center","background-size":"auto","background-attachment":"scroll","background-type":"","background-media":"","overlay-type":"","overlay-color":"","overlay-opacity":"","overlay-gradient":""}},"ast-content-background-meta":{"desktop":{"background-color":"var(--ast-global-color-4)","background-image":"","background-repeat":"repeat","background-position":"center center","background-size":"auto","background-attachment":"scroll","background-type":"","background-media":"","overlay-type":"","overlay-color":"","overlay-opacity":"","overlay-gradient":""},"tablet":{"background-color":"var(--ast-global-color-4)","background-image":"","background-repeat":"repeat","background-position":"center center","background-size":"auto","background-attachment":"scroll","background-type":"","background-media":"","overlay-type":"","overlay-color":"","overlay-opacity":"","overlay-gradient":""},"mobile":{"background-color":"var(--ast-global-color-4)","background-image":"","background-repeat":"repeat","background-position":"center center","background-size":"auto","background-attachment":"scroll","background-type":"","background-media":"","overlay-type":"","overlay-color":"","overlay-opacity":"","overlay-gradient":""}},"footnotes":""},"class_list":["post-1442","page","type-page","status-publish","hentry"],"featured_image_src":null,"yoast_head":"<!-- This site is optimized with the Yoast SEO plugin v27.5 - https:\/\/yoast.com\/product\/yoast-seo-wordpress\/ -->\n<title>Ter\u00e7a-Feira - Liturgia<\/title>\n<meta name=\"robots\" content=\"index, follow, max-snippet:-1, max-image-preview:large, max-video-preview:-1\" \/>\n<link rel=\"canonical\" href=\"https:\/\/www.liturgico.criarsite.online\/?page_id=1442\" \/>\n<meta property=\"og:locale\" content=\"pt_BR\" \/>\n<meta property=\"og:type\" content=\"article\" \/>\n<meta property=\"og:title\" content=\"Ter\u00e7a-Feira - Liturgia\" \/>\n<meta property=\"og:description\" content=\"Cor Lit\u00fargica: Branco 5\u00aa Semana da P\u00e1scoa | Ter\u00e7a-feira 1\u00aa&nbsp; Leitura Primeira Leitura (At 14,19-28) Leitura dos Atos dos Ap\u00f3stolos. [&hellip;]\" \/>\n<meta property=\"og:url\" content=\"https:\/\/www.liturgico.criarsite.online\/?page_id=1442\" \/>\n<meta property=\"og:site_name\" content=\"Liturgia\" \/>\n<meta property=\"article:publisher\" content=\"https:\/\/www.facebook.com\/CatedraldeAracaju\/\" \/>\n<meta property=\"article:modified_time\" content=\"2026-05-04T19:05:48+00:00\" \/>\n<meta name=\"twitter:card\" content=\"summary_large_image\" \/>\n<meta name=\"twitter:label1\" content=\"Est. tempo de leitura\" \/>\n\t<meta name=\"twitter:data1\" content=\"3 minutos\" \/>\n<script type=\"application\/ld+json\" class=\"yoast-schema-graph\">{\"@context\":\"https:\\\/\\\/schema.org\",\"@graph\":[{\"@type\":\"WebPage\",\"@id\":\"https:\\\/\\\/www.liturgico.criarsite.online\\\/?page_id=1442\",\"url\":\"https:\\\/\\\/www.liturgico.criarsite.online\\\/?page_id=1442\",\"name\":\"Ter\u00e7a-Feira - Liturgia\",\"isPartOf\":{\"@id\":\"https:\\\/\\\/www.liturgico.criarsite.online\\\/#website\"},\"datePublished\":\"2025-10-27T21:11:11+00:00\",\"dateModified\":\"2026-05-04T19:05:48+00:00\",\"breadcrumb\":{\"@id\":\"https:\\\/\\\/www.liturgico.criarsite.online\\\/?page_id=1442#breadcrumb\"},\"inLanguage\":\"pt-BR\",\"potentialAction\":[{\"@type\":\"ReadAction\",\"target\":[\"https:\\\/\\\/www.liturgico.criarsite.online\\\/?page_id=1442\"]}]},{\"@type\":\"BreadcrumbList\",\"@id\":\"https:\\\/\\\/www.liturgico.criarsite.online\\\/?page_id=1442#breadcrumb\",\"itemListElement\":[{\"@type\":\"ListItem\",\"position\":1,\"name\":\"In\u00edcio\",\"item\":\"https:\\\/\\\/www.liturgico.criarsite.online\\\/\"},{\"@type\":\"ListItem\",\"position\":2,\"name\":\"Ter\u00e7a-Feira\"}]},{\"@type\":\"WebSite\",\"@id\":\"https:\\\/\\\/www.liturgico.criarsite.online\\\/#website\",\"url\":\"https:\\\/\\\/www.liturgico.criarsite.online\\\/\",\"name\":\"https:\\\/\\\/www.liturgico.criarsite.online\\\/\",\"description\":\"Liturgia Di\u00e1ria\",\"publisher\":{\"@id\":\"https:\\\/\\\/www.liturgico.criarsite.online\\\/#organization\"},\"potentialAction\":[{\"@type\":\"SearchAction\",\"target\":{\"@type\":\"EntryPoint\",\"urlTemplate\":\"https:\\\/\\\/www.liturgico.criarsite.online\\\/?s={search_term_string}\"},\"query-input\":{\"@type\":\"PropertyValueSpecification\",\"valueRequired\":true,\"valueName\":\"search_term_string\"}}],\"inLanguage\":\"pt-BR\"},{\"@type\":\"Organization\",\"@id\":\"https:\\\/\\\/www.liturgico.criarsite.online\\\/#organization\",\"name\":\"Liturgia di\u00e1ria\",\"url\":\"https:\\\/\\\/www.liturgico.criarsite.online\\\/\",\"logo\":{\"@type\":\"ImageObject\",\"inLanguage\":\"pt-BR\",\"@id\":\"https:\\\/\\\/www.liturgico.criarsite.online\\\/#\\\/schema\\\/logo\\\/image\\\/\",\"url\":\"https:\\\/\\\/www.liturgico.criarsite.online\\\/wp-content\\\/uploads\\\/2026\\\/04\\\/cropped-cropped-chalice-8802612_1280.png\",\"contentUrl\":\"https:\\\/\\\/www.liturgico.criarsite.online\\\/wp-content\\\/uploads\\\/2026\\\/04\\\/cropped-cropped-chalice-8802612_1280.png\",\"width\":512,\"height\":484,\"caption\":\"Liturgia di\u00e1ria\"},\"image\":{\"@id\":\"https:\\\/\\\/www.liturgico.criarsite.online\\\/#\\\/schema\\\/logo\\\/image\\\/\"},\"sameAs\":[\"https:\\\/\\\/www.facebook.com\\\/CatedraldeAracaju\\\/\",\"https:\\\/\\\/www.instagram.com\\\/movimento_vida_crista\\\/\",\"https:\\\/\\\/www.youtube.com\\\/@catedralaju\"]}]}<\/script>\n<!-- \/ Yoast SEO plugin. -->","yoast_head_json":{"title":"Ter\u00e7a-Feira - Liturgia","robots":{"index":"index","follow":"follow","max-snippet":"max-snippet:-1","max-image-preview":"max-image-preview:large","max-video-preview":"max-video-preview:-1"},"canonical":"https:\/\/www.liturgico.criarsite.online\/?page_id=1442","og_locale":"pt_BR","og_type":"article","og_title":"Ter\u00e7a-Feira - Liturgia","og_description":"Cor Lit\u00fargica: Branco 5\u00aa Semana da P\u00e1scoa | Ter\u00e7a-feira 1\u00aa&nbsp; Leitura Primeira Leitura (At 14,19-28) Leitura dos Atos dos Ap\u00f3stolos. [&hellip;]","og_url":"https:\/\/www.liturgico.criarsite.online\/?page_id=1442","og_site_name":"Liturgia","article_publisher":"https:\/\/www.facebook.com\/CatedraldeAracaju\/","article_modified_time":"2026-05-04T19:05:48+00:00","twitter_card":"summary_large_image","twitter_misc":{"Est. tempo de leitura":"3 minutos"},"schema":{"@context":"https:\/\/schema.org","@graph":[{"@type":"WebPage","@id":"https:\/\/www.liturgico.criarsite.online\/?page_id=1442","url":"https:\/\/www.liturgico.criarsite.online\/?page_id=1442","name":"Ter\u00e7a-Feira - Liturgia","isPartOf":{"@id":"https:\/\/www.liturgico.criarsite.online\/#website"},"datePublished":"2025-10-27T21:11:11+00:00","dateModified":"2026-05-04T19:05:48+00:00","breadcrumb":{"@id":"https:\/\/www.liturgico.criarsite.online\/?page_id=1442#breadcrumb"},"inLanguage":"pt-BR","potentialAction":[{"@type":"ReadAction","target":["https:\/\/www.liturgico.criarsite.online\/?page_id=1442"]}]},{"@type":"BreadcrumbList","@id":"https:\/\/www.liturgico.criarsite.online\/?page_id=1442#breadcrumb","itemListElement":[{"@type":"ListItem","position":1,"name":"In\u00edcio","item":"https:\/\/www.liturgico.criarsite.online\/"},{"@type":"ListItem","position":2,"name":"Ter\u00e7a-Feira"}]},{"@type":"WebSite","@id":"https:\/\/www.liturgico.criarsite.online\/#website","url":"https:\/\/www.liturgico.criarsite.online\/","name":"https:\/\/www.liturgico.criarsite.online\/","description":"Liturgia Di\u00e1ria","publisher":{"@id":"https:\/\/www.liturgico.criarsite.online\/#organization"},"potentialAction":[{"@type":"SearchAction","target":{"@type":"EntryPoint","urlTemplate":"https:\/\/www.liturgico.criarsite.online\/?s={search_term_string}"},"query-input":{"@type":"PropertyValueSpecification","valueRequired":true,"valueName":"search_term_string"}}],"inLanguage":"pt-BR"},{"@type":"Organization","@id":"https:\/\/www.liturgico.criarsite.online\/#organization","name":"Liturgia di\u00e1ria","url":"https:\/\/www.liturgico.criarsite.online\/","logo":{"@type":"ImageObject","inLanguage":"pt-BR","@id":"https:\/\/www.liturgico.criarsite.online\/#\/schema\/logo\/image\/","url":"https:\/\/www.liturgico.criarsite.online\/wp-content\/uploads\/2026\/04\/cropped-cropped-chalice-8802612_1280.png","contentUrl":"https:\/\/www.liturgico.criarsite.online\/wp-content\/uploads\/2026\/04\/cropped-cropped-chalice-8802612_1280.png","width":512,"height":484,"caption":"Liturgia di\u00e1ria"},"image":{"@id":"https:\/\/www.liturgico.criarsite.online\/#\/schema\/logo\/image\/"},"sameAs":["https:\/\/www.facebook.com\/CatedraldeAracaju\/","https:\/\/www.instagram.com\/movimento_vida_crista\/","https:\/\/www.youtube.com\/@catedralaju"]}]}},"uagb_featured_image_src":{"full":false,"thumbnail":false,"medium":false,"medium_large":false,"large":false,"1536x1536":false,"2048x2048":false},"uagb_author_info":{"display_name":"Siqueira","author_link":"https:\/\/www.liturgico.criarsite.online\/?author=1"},"uagb_comment_info":0,"uagb_excerpt":"Cor Lit\u00fargica: Branco 5\u00aa Semana da P\u00e1scoa | Ter\u00e7a-feira 1\u00aa&nbsp; Leitura Primeira Leitura (At 14,19-28) Leitura dos Atos dos Ap\u00f3stolos. [&hellip;]","_links":{"self":[{"href":"https:\/\/www.liturgico.criarsite.online\/index.php?rest_route=\/wp\/v2\/pages\/1442","targetHints":{"allow":["GET"]}}],"collection":[{"href":"https:\/\/www.liturgico.criarsite.online\/index.php?rest_route=\/wp\/v2\/pages"}],"about":[{"href":"https:\/\/www.liturgico.criarsite.online\/index.php?rest_route=\/wp\/v2\/types\/page"}],"author":[{"embeddable":true,"href":"https:\/\/www.liturgico.criarsite.online\/index.php?rest_route=\/wp\/v2\/users\/1"}],"replies":[{"embeddable":true,"href":"https:\/\/www.liturgico.criarsite.online\/index.php?rest_route=%2Fwp%2Fv2%2Fcomments&post=1442"}],"version-history":[{"count":17,"href":"https:\/\/www.liturgico.criarsite.online\/index.php?rest_route=\/wp\/v2\/pages\/1442\/revisions"}],"predecessor-version":[{"id":2303,"href":"https:\/\/www.liturgico.criarsite.online\/index.php?rest_route=\/wp\/v2\/pages\/1442\/revisions\/2303"}],"wp:attachment":[{"href":"https:\/\/www.liturgico.criarsite.online\/index.php?rest_route=%2Fwp%2Fv2%2Fmedia&parent=1442"}],"curies":[{"name":"wp","href":"https:\/\/api.w.org\/{rel}","templated":true}]}}