{"id":1375,"date":"2025-10-23T20:48:24","date_gmt":"2025-10-23T20:48:24","guid":{"rendered":"https:\/\/www.liturgico.criarsite.online\/?page_id=1375"},"modified":"2026-04-30T19:24:48","modified_gmt":"2026-04-30T19:24:48","slug":"sexta-feira","status":"publish","type":"page","link":"https:\/\/www.liturgico.criarsite.online\/?page_id=1375","title":{"rendered":"Sexta-Feira"},"content":{"rendered":"\n<p><strong>Cor Lit\u00fargica: Roxo<\/strong><strong><\/strong><\/p>\n\n\n\n<h2 class=\"wp-block-heading has-black-color has-text-color has-link-color wp-elements-9bdfb5179517f6a65a90055526413437\">Semana Santa | Quarta-feira<\/h2>\n\n\n\n<p class=\"has-luminous-dusk-gradient-background has-background has-medium-font-size\"><strong>1\u00aa&nbsp; Leitura<\/strong><strong><\/strong><\/p>\n\n\n\n<p><strong>Primeira Leitura (Is 50,4-9a)&nbsp;<\/strong><strong><\/strong><\/p>\n\n\n\n<p><strong>Leitura do Livro do Profeta Isa\u00edas.<\/strong><\/p>\n\n\n\n<p><strong>4<\/strong><strong>&nbsp;O Senhor Deus deu-me l\u00edngua adestrada, para que eu saiba dizer palavras de conforto \u00e0 pessoa abatida; ele me desperta cada manh\u00e3 e me excita o ouvido, para prestar aten\u00e7\u00e3o como um disc\u00edpulo.&nbsp;<\/strong><strong>5<\/strong><strong>&nbsp;O Senhor abriu-me os ouvidos; n\u00e3o lhe resisti nem voltei atr\u00e1s.&nbsp;<\/strong><strong>6<\/strong><strong>&nbsp;Ofereci as costas para me baterem e as faces para me arrancarem a barba: n\u00e3o desviei o rosto de bofet\u00f5es e cusparadas.&nbsp;<\/strong><strong>7<\/strong><strong>&nbsp;Mas o Senhor Deus \u00e9 meu Auxiliador, por isso n\u00e3o me deixei abater o \u00e2nimo, conservei o rosto impass\u00edvel como pedra, porque sei que n\u00e3o sairei humilhado.&nbsp;<\/strong><strong>8<\/strong><strong>&nbsp;A meu lado est\u00e1 quem me justifica; algu\u00e9m me far\u00e1 obje\u00e7\u00f5es? Vejamos. Quem \u00e9 meu advers\u00e1rio? Aproxime-se.&nbsp;<\/strong><strong>9a<\/strong><strong>&nbsp;Sim, o Senhor Deus \u00e9 meu Auxiliador; quem \u00e9 que me vai condenar?<\/strong><\/p>\n\n\n\n<p><strong>&#8211; Palavra do Senhor.<\/strong><\/p>\n\n\n\n<p><strong>&#8211; Gra\u00e7as a Deus.<\/strong><\/p>\n\n\n\n<p class=\"has-luminous-dusk-gradient-background has-background has-medium-font-size\"><strong>Salmo<\/strong><\/p>\n\n\n\n<p><strong>Respons\u00f3rio Sl 68(69),8-10.21bcd-22.31 e 33-34 (R. 14cb)<\/strong><strong><\/strong><\/p>\n\n\n\n<p><strong>&#8211; Respondei-me pelo vosso imenso amor, neste tempo favor\u00e1vel, Senhor Deus.<\/strong><\/p>\n\n\n\n<p><strong>&#8211; Respondei-me pelo vosso imenso amor, neste tempo favor\u00e1vel, Senhor Deus.<\/strong><strong><\/strong><\/p>\n\n\n\n<p><strong>&#8211; Por vossa causa \u00e9 que sofri tantos insultos, e o meu rosto se cobriu de confus\u00e3o; eu me tornei como um estranho a meus irm\u00e3os, como estrangeiro para os filhos de minha m\u00e3e. Pois meu zelo e meu amor por vossa casa me devoram como fogo abrasador; e os insultos de infi\u00e9is que vos ultrajam reca\u00edram todos eles sobre mim!&nbsp;<\/strong><\/p>\n\n\n\n<p><strong>&#8211; O insulto me partiu o cora\u00e7\u00e3o; Eu esperei que algu\u00e9m de mim tivesse pena; procurei quem me aliviasse e n\u00e3o achei! Deram-me fel como se fosse um alimento, em minha sede ofereceram-me vinagre!&nbsp;<\/strong><\/p>\n\n\n\n<p><strong>&#8211; Cantando eu louvarei o vosso nome e agradecido exultarei de alegria! Humildes, vede isto e alegrai-vos: o vosso cora\u00e7\u00e3o reviver\u00e1, se procurardes o Senhor continuamente! Pois nosso Deus atende \u00e0 prece dos seus pobres, e n\u00e3o despreza o clamor de seus cativos.&nbsp;<\/strong><\/p>\n\n\n\n<p class=\"has-luminous-dusk-gradient-background has-background has-medium-font-size\"><strong>Evangelho<\/strong><\/p>\n\n\n\n<p><strong>Evangelho (Mt 26,14-25)<\/strong><strong><\/strong><\/p>\n\n\n\n<p><strong>&#8211; Salve, Cristo, Luz da vida, companheiro na partilha!<\/strong><\/p>\n\n\n\n<p><strong>&#8211; Salve, nosso rei, somente v\u00f3s tendes compaix\u00e3o dos nossos erros.<\/strong><\/p>\n\n\n\n<p><strong>Proclama\u00e7\u00e3o do Evangelho de Jesus Cristo segundo Mateus.<\/strong><\/p>\n\n\n\n<p><strong>-Gl\u00f3ria a v\u00f3s, Senhor.<\/strong><strong><\/strong><\/p>\n\n\n\n<p><strong>Naquele tempo,&nbsp;<\/strong><strong>14<\/strong><strong>&nbsp;um dos doze disc\u00edpulos, chamado Judas Iscariotes, foi ter com os sumos sacerdotes&nbsp;<\/strong><strong>15<\/strong><strong>&nbsp;e disse: &#8220;O que me dareis se vos entregar Jesus?&#8221; Combinaram, ent\u00e3o, trinta moedas de prata.&nbsp;<\/strong><strong>16<\/strong><strong>&nbsp;E da\u00ed em diante, Judas procurava uma oportunidade para entregar Jesus.&nbsp;<\/strong><strong>17<\/strong><strong>&nbsp;No primeiro dia da festa dos \u00c1zimos, os disc\u00edpulos aproximaram-se de Jesus e perguntaram: &#8220;Onde queres que fa\u00e7amos os preparativos para comer a P\u00e1scoa?&#8221;&nbsp;<\/strong><strong>18<\/strong><strong>&nbsp;Jesus respondeu: &#8220;Ide \u00e0 cidade, procurai certo homem e dizei-lhe: &#8216;O Mestre manda dizer: o meu tempo est\u00e1 pr\u00f3ximo, vou celebrar a P\u00e1scoa em tua casa, junto com meus disc\u00edpulos'&#8221;.&nbsp;<\/strong><strong>19<\/strong><strong>&nbsp;Os disc\u00edpulos fizeram como Jesus mandou e prepararam a P\u00e1scoa.&nbsp;<\/strong><strong>20<\/strong><strong>&nbsp;Ao cair da tarde, Jesus p\u00f4s-se \u00e0 mesa com os doze disc\u00edpulos.&nbsp;<\/strong><strong>21<\/strong><strong>&nbsp;Enquanto comiam, Jesus disse: &#8220;Em verdade eu vos digo, um de v\u00f3s vai me trair&#8221;.&nbsp;<\/strong><strong>22<\/strong><strong>&nbsp;Eles ficaram muito tristes e, um por um, come\u00e7aram a lhe perguntar: &#8220;Senhor, ser\u00e1 que sou eu?&#8221;&nbsp;<\/strong><strong>23<\/strong><strong>&nbsp;Jesus respondeu: &#8220;Quem vai me trair \u00e9 aquele que comigo p\u00f5e a m\u00e3o no prato.&nbsp;<\/strong><strong>24<\/strong><strong>&nbsp;O Filho do Homem vai morrer, conforme diz a Escritura a respeito dele. Contudo, ai daquele que trair o Filho do Homem! Seria melhor que nunca tivesse nascido!&#8221;&nbsp;<\/strong><strong>25<\/strong><strong>&nbsp;Ent\u00e3o Judas, o traidor, perguntou: &#8220;Mestre, serei eu?&#8221; Jesus lhe respondeu: &#8220;Tu o dizes&#8221;.<\/strong><\/p>\n\n\n\n<p><strong>\u2014 Palavra da Salva\u00e7\u00e3o.<\/strong><\/p>\n\n\n\n<p><strong>\u2014 Gl\u00f3ria a v\u00f3s, Senhor.<\/strong><\/p>\n","protected":false},"excerpt":{"rendered":"<p>Cor Lit\u00fargica: Roxo Semana Santa | Quarta-feira 1\u00aa&nbsp; Leitura Primeira Leitura (Is 50,4-9a)&nbsp; Leitura do Livro do Profeta Isa\u00edas. 4&nbsp;O [&hellip;]<\/p>\n","protected":false},"author":1,"featured_media":0,"parent":0,"menu_order":0,"comment_status":"closed","ping_status":"closed","template":"","meta":{"_uag_custom_page_level_css":"","_monsterinsights_skip_tracking":false,"_monsterinsights_sitenote_active":false,"_monsterinsights_sitenote_note":"","_monsterinsights_sitenote_category":0,"_uf_show_specific_survey":0,"_uf_disable_surveys":false,"site-sidebar-layout":"default","site-content-layout":"","ast-site-content-layout":"default","site-content-style":"default","site-sidebar-style":"default","ast-global-header-display":"","ast-banner-title-visibility":"","ast-main-header-display":"","ast-hfb-above-header-display":"","ast-hfb-below-header-display":"","ast-hfb-mobile-header-display":"","site-post-title":"","ast-breadcrumbs-content":"","ast-featured-img":"","footer-sml-layout":"","ast-disable-related-posts":"","theme-transparent-header-meta":"","adv-header-id-meta":"","stick-header-meta":"","header-above-stick-meta":"","header-main-stick-meta":"","header-below-stick-meta":"","astra-migrate-meta-layouts":"default","ast-page-background-enabled":"default","ast-page-background-meta":{"desktop":{"background-color":"var(--ast-global-color-5)","background-image":"","background-repeat":"repeat","background-position":"center center","background-size":"auto","background-attachment":"scroll","background-type":"","background-media":"","overlay-type":"","overlay-color":"","overlay-opacity":"","overlay-gradient":""},"tablet":{"background-color":"","background-image":"","background-repeat":"repeat","background-position":"center center","background-size":"auto","background-attachment":"scroll","background-type":"","background-media":"","overlay-type":"","overlay-color":"","overlay-opacity":"","overlay-gradient":""},"mobile":{"background-color":"","background-image":"","background-repeat":"repeat","background-position":"center center","background-size":"auto","background-attachment":"scroll","background-type":"","background-media":"","overlay-type":"","overlay-color":"","overlay-opacity":"","overlay-gradient":""}},"ast-content-background-meta":{"desktop":{"background-color":"var(--ast-global-color-4)","background-image":"","background-repeat":"repeat","background-position":"center center","background-size":"auto","background-attachment":"scroll","background-type":"","background-media":"","overlay-type":"","overlay-color":"","overlay-opacity":"","overlay-gradient":""},"tablet":{"background-color":"var(--ast-global-color-4)","background-image":"","background-repeat":"repeat","background-position":"center center","background-size":"auto","background-attachment":"scroll","background-type":"","background-media":"","overlay-type":"","overlay-color":"","overlay-opacity":"","overlay-gradient":""},"mobile":{"background-color":"var(--ast-global-color-4)","background-image":"","background-repeat":"repeat","background-position":"center center","background-size":"auto","background-attachment":"scroll","background-type":"","background-media":"","overlay-type":"","overlay-color":"","overlay-opacity":"","overlay-gradient":""}},"footnotes":""},"class_list":["post-1375","page","type-page","status-publish","hentry"],"featured_image_src":null,"yoast_head":"<!-- This site is optimized with the Yoast SEO plugin v27.5 - https:\/\/yoast.com\/product\/yoast-seo-wordpress\/ -->\n<title>Sexta-Feira - Liturgia<\/title>\n<meta name=\"robots\" content=\"index, follow, max-snippet:-1, max-image-preview:large, max-video-preview:-1\" \/>\n<link rel=\"canonical\" href=\"https:\/\/www.liturgico.criarsite.online\/?page_id=1375\" \/>\n<meta property=\"og:locale\" content=\"pt_BR\" \/>\n<meta property=\"og:type\" content=\"article\" \/>\n<meta property=\"og:title\" content=\"Sexta-Feira - Liturgia\" \/>\n<meta property=\"og:description\" content=\"Cor Lit\u00fargica: Roxo Semana Santa | Quarta-feira 1\u00aa&nbsp; Leitura Primeira Leitura (Is 50,4-9a)&nbsp; Leitura do Livro do Profeta Isa\u00edas. 4&nbsp;O [&hellip;]\" \/>\n<meta property=\"og:url\" content=\"https:\/\/www.liturgico.criarsite.online\/?page_id=1375\" \/>\n<meta property=\"og:site_name\" content=\"Liturgia\" \/>\n<meta property=\"article:publisher\" content=\"https:\/\/www.facebook.com\/CatedraldeAracaju\/\" \/>\n<meta property=\"article:modified_time\" content=\"2026-04-30T19:24:48+00:00\" \/>\n<meta name=\"twitter:card\" content=\"summary_large_image\" \/>\n<meta name=\"twitter:label1\" content=\"Est. tempo de leitura\" \/>\n\t<meta name=\"twitter:data1\" content=\"4 minutos\" \/>\n<script type=\"application\/ld+json\" class=\"yoast-schema-graph\">{\"@context\":\"https:\\\/\\\/schema.org\",\"@graph\":[{\"@type\":\"WebPage\",\"@id\":\"https:\\\/\\\/www.liturgico.criarsite.online\\\/?page_id=1375\",\"url\":\"https:\\\/\\\/www.liturgico.criarsite.online\\\/?page_id=1375\",\"name\":\"Sexta-Feira - Liturgia\",\"isPartOf\":{\"@id\":\"https:\\\/\\\/www.liturgico.criarsite.online\\\/#website\"},\"datePublished\":\"2025-10-23T20:48:24+00:00\",\"dateModified\":\"2026-04-30T19:24:48+00:00\",\"breadcrumb\":{\"@id\":\"https:\\\/\\\/www.liturgico.criarsite.online\\\/?page_id=1375#breadcrumb\"},\"inLanguage\":\"pt-BR\",\"potentialAction\":[{\"@type\":\"ReadAction\",\"target\":[\"https:\\\/\\\/www.liturgico.criarsite.online\\\/?page_id=1375\"]}]},{\"@type\":\"BreadcrumbList\",\"@id\":\"https:\\\/\\\/www.liturgico.criarsite.online\\\/?page_id=1375#breadcrumb\",\"itemListElement\":[{\"@type\":\"ListItem\",\"position\":1,\"name\":\"In\u00edcio\",\"item\":\"https:\\\/\\\/www.liturgico.criarsite.online\\\/\"},{\"@type\":\"ListItem\",\"position\":2,\"name\":\"Sexta-Feira\"}]},{\"@type\":\"WebSite\",\"@id\":\"https:\\\/\\\/www.liturgico.criarsite.online\\\/#website\",\"url\":\"https:\\\/\\\/www.liturgico.criarsite.online\\\/\",\"name\":\"https:\\\/\\\/www.liturgico.criarsite.online\\\/\",\"description\":\"Liturgia Di\u00e1ria\",\"publisher\":{\"@id\":\"https:\\\/\\\/www.liturgico.criarsite.online\\\/#organization\"},\"potentialAction\":[{\"@type\":\"SearchAction\",\"target\":{\"@type\":\"EntryPoint\",\"urlTemplate\":\"https:\\\/\\\/www.liturgico.criarsite.online\\\/?s={search_term_string}\"},\"query-input\":{\"@type\":\"PropertyValueSpecification\",\"valueRequired\":true,\"valueName\":\"search_term_string\"}}],\"inLanguage\":\"pt-BR\"},{\"@type\":\"Organization\",\"@id\":\"https:\\\/\\\/www.liturgico.criarsite.online\\\/#organization\",\"name\":\"Liturgia di\u00e1ria\",\"url\":\"https:\\\/\\\/www.liturgico.criarsite.online\\\/\",\"logo\":{\"@type\":\"ImageObject\",\"inLanguage\":\"pt-BR\",\"@id\":\"https:\\\/\\\/www.liturgico.criarsite.online\\\/#\\\/schema\\\/logo\\\/image\\\/\",\"url\":\"https:\\\/\\\/www.liturgico.criarsite.online\\\/wp-content\\\/uploads\\\/2026\\\/04\\\/cropped-cropped-chalice-8802612_1280.png\",\"contentUrl\":\"https:\\\/\\\/www.liturgico.criarsite.online\\\/wp-content\\\/uploads\\\/2026\\\/04\\\/cropped-cropped-chalice-8802612_1280.png\",\"width\":512,\"height\":484,\"caption\":\"Liturgia di\u00e1ria\"},\"image\":{\"@id\":\"https:\\\/\\\/www.liturgico.criarsite.online\\\/#\\\/schema\\\/logo\\\/image\\\/\"},\"sameAs\":[\"https:\\\/\\\/www.facebook.com\\\/CatedraldeAracaju\\\/\",\"https:\\\/\\\/www.instagram.com\\\/movimento_vida_crista\\\/\",\"https:\\\/\\\/www.youtube.com\\\/@catedralaju\"]}]}<\/script>\n<!-- \/ Yoast SEO plugin. -->","yoast_head_json":{"title":"Sexta-Feira - Liturgia","robots":{"index":"index","follow":"follow","max-snippet":"max-snippet:-1","max-image-preview":"max-image-preview:large","max-video-preview":"max-video-preview:-1"},"canonical":"https:\/\/www.liturgico.criarsite.online\/?page_id=1375","og_locale":"pt_BR","og_type":"article","og_title":"Sexta-Feira - Liturgia","og_description":"Cor Lit\u00fargica: Roxo Semana Santa | Quarta-feira 1\u00aa&nbsp; Leitura Primeira Leitura (Is 50,4-9a)&nbsp; Leitura do Livro do Profeta Isa\u00edas. 4&nbsp;O [&hellip;]","og_url":"https:\/\/www.liturgico.criarsite.online\/?page_id=1375","og_site_name":"Liturgia","article_publisher":"https:\/\/www.facebook.com\/CatedraldeAracaju\/","article_modified_time":"2026-04-30T19:24:48+00:00","twitter_card":"summary_large_image","twitter_misc":{"Est. tempo de leitura":"4 minutos"},"schema":{"@context":"https:\/\/schema.org","@graph":[{"@type":"WebPage","@id":"https:\/\/www.liturgico.criarsite.online\/?page_id=1375","url":"https:\/\/www.liturgico.criarsite.online\/?page_id=1375","name":"Sexta-Feira - Liturgia","isPartOf":{"@id":"https:\/\/www.liturgico.criarsite.online\/#website"},"datePublished":"2025-10-23T20:48:24+00:00","dateModified":"2026-04-30T19:24:48+00:00","breadcrumb":{"@id":"https:\/\/www.liturgico.criarsite.online\/?page_id=1375#breadcrumb"},"inLanguage":"pt-BR","potentialAction":[{"@type":"ReadAction","target":["https:\/\/www.liturgico.criarsite.online\/?page_id=1375"]}]},{"@type":"BreadcrumbList","@id":"https:\/\/www.liturgico.criarsite.online\/?page_id=1375#breadcrumb","itemListElement":[{"@type":"ListItem","position":1,"name":"In\u00edcio","item":"https:\/\/www.liturgico.criarsite.online\/"},{"@type":"ListItem","position":2,"name":"Sexta-Feira"}]},{"@type":"WebSite","@id":"https:\/\/www.liturgico.criarsite.online\/#website","url":"https:\/\/www.liturgico.criarsite.online\/","name":"https:\/\/www.liturgico.criarsite.online\/","description":"Liturgia Di\u00e1ria","publisher":{"@id":"https:\/\/www.liturgico.criarsite.online\/#organization"},"potentialAction":[{"@type":"SearchAction","target":{"@type":"EntryPoint","urlTemplate":"https:\/\/www.liturgico.criarsite.online\/?s={search_term_string}"},"query-input":{"@type":"PropertyValueSpecification","valueRequired":true,"valueName":"search_term_string"}}],"inLanguage":"pt-BR"},{"@type":"Organization","@id":"https:\/\/www.liturgico.criarsite.online\/#organization","name":"Liturgia di\u00e1ria","url":"https:\/\/www.liturgico.criarsite.online\/","logo":{"@type":"ImageObject","inLanguage":"pt-BR","@id":"https:\/\/www.liturgico.criarsite.online\/#\/schema\/logo\/image\/","url":"https:\/\/www.liturgico.criarsite.online\/wp-content\/uploads\/2026\/04\/cropped-cropped-chalice-8802612_1280.png","contentUrl":"https:\/\/www.liturgico.criarsite.online\/wp-content\/uploads\/2026\/04\/cropped-cropped-chalice-8802612_1280.png","width":512,"height":484,"caption":"Liturgia di\u00e1ria"},"image":{"@id":"https:\/\/www.liturgico.criarsite.online\/#\/schema\/logo\/image\/"},"sameAs":["https:\/\/www.facebook.com\/CatedraldeAracaju\/","https:\/\/www.instagram.com\/movimento_vida_crista\/","https:\/\/www.youtube.com\/@catedralaju"]}]}},"uagb_featured_image_src":{"full":false,"thumbnail":false,"medium":false,"medium_large":false,"large":false,"1536x1536":false,"2048x2048":false},"uagb_author_info":{"display_name":"Siqueira","author_link":"https:\/\/www.liturgico.criarsite.online\/?author=1"},"uagb_comment_info":0,"uagb_excerpt":"Cor Lit\u00fargica: Roxo Semana Santa | Quarta-feira 1\u00aa&nbsp; Leitura Primeira Leitura (Is 50,4-9a)&nbsp; Leitura do Livro do Profeta Isa\u00edas. 4&nbsp;O [&hellip;]","_links":{"self":[{"href":"https:\/\/www.liturgico.criarsite.online\/index.php?rest_route=\/wp\/v2\/pages\/1375","targetHints":{"allow":["GET"]}}],"collection":[{"href":"https:\/\/www.liturgico.criarsite.online\/index.php?rest_route=\/wp\/v2\/pages"}],"about":[{"href":"https:\/\/www.liturgico.criarsite.online\/index.php?rest_route=\/wp\/v2\/types\/page"}],"author":[{"embeddable":true,"href":"https:\/\/www.liturgico.criarsite.online\/index.php?rest_route=\/wp\/v2\/users\/1"}],"replies":[{"embeddable":true,"href":"https:\/\/www.liturgico.criarsite.online\/index.php?rest_route=%2Fwp%2Fv2%2Fcomments&post=1375"}],"version-history":[{"count":17,"href":"https:\/\/www.liturgico.criarsite.online\/index.php?rest_route=\/wp\/v2\/pages\/1375\/revisions"}],"predecessor-version":[{"id":2294,"href":"https:\/\/www.liturgico.criarsite.online\/index.php?rest_route=\/wp\/v2\/pages\/1375\/revisions\/2294"}],"wp:attachment":[{"href":"https:\/\/www.liturgico.criarsite.online\/index.php?rest_route=%2Fwp%2Fv2%2Fmedia&parent=1375"}],"curies":[{"name":"wp","href":"https:\/\/api.w.org\/{rel}","templated":true}]}}