{"id":1244,"date":"2025-10-19T21:32:41","date_gmt":"2025-10-19T21:32:41","guid":{"rendered":"https:\/\/www.liturgico.criarsite.online\/?page_id=1244"},"modified":"2026-04-27T16:53:43","modified_gmt":"2026-04-27T16:53:43","slug":"home","status":"publish","type":"page","link":"https:\/\/www.liturgico.criarsite.online\/","title":{"rendered":"Home"},"content":{"rendered":"\n<div class=\"wp-block-uagb-container uagb-block-cac7e610 alignfull uagb-is-root-container\"><div class=\"uagb-container-inner-blocks-wrap\">\n<div class=\"wp-block-uagb-container uagb-block-62e4809d\">\n<figure class=\"wp-block-image alignfull size-full\"><img decoding=\"async\" width=\"1280\" height=\"717\" src=\"https:\/\/www.liturgico.criarsite.online\/wp-content\/uploads\/2026\/04\/chalice-8802612_1280.png\" alt=\"\" class=\"wp-image-2121\" srcset=\"https:\/\/www.liturgico.criarsite.online\/wp-content\/uploads\/2026\/04\/chalice-8802612_1280.png 1280w, https:\/\/www.liturgico.criarsite.online\/wp-content\/uploads\/2026\/04\/chalice-8802612_1280-300x168.png 300w, https:\/\/www.liturgico.criarsite.online\/wp-content\/uploads\/2026\/04\/chalice-8802612_1280-1024x574.png 1024w, https:\/\/www.liturgico.criarsite.online\/wp-content\/uploads\/2026\/04\/chalice-8802612_1280-768x430.png 768w\" sizes=\"(max-width: 1280px) 100vw, 1280px\" \/><\/figure>\n<\/div>\n\n\n\n<div class=\"wp-block-uagb-container uagb-block-10d43766\">\n<footer class=\"wp-block-uagb-info-box uagb-block-c80bffbf uagb-infobox__content-wrap  uagb-infobox_cta-type-all uagb-infobox-icon-above-title uagb-infobox-image-valign-top\"><a href=\"\" class=\"uagb-infobox-link-wrap uagb-infbox__link-to-all\" target=\"_self\" aria-label=\"Infobox Link\" rel=\"noopener noreferrer\" onclick=\"return false;\"><\/a><div class=\"uagb-ifb-content\"><div class=\"uagb-ifb-title-wrap\"><h3 class=\"uagb-ifb-title\">Liturgia Di\u00e1ria<\/h3><\/div><p class=\"uagb-ifb-desc\"><a href=\"https:\/\/www.google.com\/search?q=Liturgia+Di%C3%A1ria&amp;sca_esv=d1796b30eb21a7c1&amp;sxsrf=AE3TifPZ_TV8rtYz5JpvxX8ZawXCOLRLrA%3A1767128785718&amp;ei=0T5UaZLFK-Ta1sQPhLqFiAo&amp;ved=2ahUKEwj1x830m-aRAxXrr5UCHd77N6QQgK4QegQIARAB&amp;uact=5&amp;oq=o+sinificado+de+liturgia+Diaria&amp;gs_lp=Egxnd3Mtd2l6LXNlcnAiH28gc2luaWZpY2FkbyBkZSBsaXR1cmdpYSBEaWFyaWEyBxAhGKABGAoyBxAhGKABGApIuiFQzgpYmxxwAXgBkAEAmAHyAaABnguqAQUwLjQuM7gBA8gBAPgBAZgCCKAC4wvCAgoQABiwAxjWBBhHwgIGEAAYFhgewgIFEAAY7wXCAggQABiABBiiBMICCBAAGBYYChgewgIGECEYFRgKmAMA4gMFEgExIECIBgGQBgiSBwUxLjEuNqAHgy-yBwUwLjEuNrgH2wvCBwcwLjEuNi4xyAcqgAgA&amp;sclient=gws-wiz-serp&amp;mstk=AUtExfDbwM-zohwbHCGpLaGGete1CFnyld26z3c9vCPJu8faqxCsywIAneBWyimblGOoSW2Di1cxwMU8kklRI-ZsdIeaqEqysHkbi69KSozh5R29WJRr_-ArB16jQq8ZlywJqufYdGJsF-mvlLXfY0wksHHwCEnXNUVdqSUn-oAinrsvmycq0ikpLhhtUS5VzTi0-zIWJQs3o20RmIddSpvxr95g4ddpzi6Q4PyrYIgUsgAeqR1yAaSMZChMJfN2UXva5iIkqDboO1VorqUEsybqDxcuCrBDaJpnyu57tFj2p8AKDA&amp;csui=3\">Liturgia Di\u00e1ria<\/a>&nbsp;refere-se \u00e0s&nbsp;leituras e ora\u00e7\u00f5es propostas pela Igreja Cat\u00f3lica para cada dia, como um guia para os fi\u00e9is acompanharem a Santa Missa, aprofundarem sua ora\u00e7\u00e3o e medita\u00e7\u00e3o da Palavra de Deus, formando um &#8220;trabalho p\u00fablico&#8221; de ora\u00e7\u00e3o comunit\u00e1ria para santificar o dia e a vida, com textos b\u00edblicos, salmos e hinos que conectam o crist\u00e3o com a a\u00e7\u00e3o de Cristo e a vida da Igreja.&nbsp;<\/p><div class=\"uagb-ifb-button-wrapper wp-block-button\"><\/div><\/div><\/footer>\n<\/div>\n<\/div><\/div>\n\n\n\n<div class=\"wp-block-uagb-container uagb-block-eabc7622 alignwide uagb-is-root-container\">\n<div class=\"wp-block-uagb-container uagb-block-91b790a2\">\n<div class=\"wp-block-uagb-info-box uagb-block-c9ad4406 uagb-infobox__content-wrap  uagb-infobox-icon-above-title uagb-infobox-image-valign-top\"><div class=\"uagb-ifb-content\"><div class=\"uagb-ifb-icon-wrap\"><svg xmlns=\"https:\/\/www.w3.org\/2000\/svg\" viewBox=\"0 0 640 512\"><path d=\"M344 48H376C389.3 48 400 58.75 400 72C400 85.25 389.3 96 376 96H344V142.4L456.7 210C471.2 218.7 480 234.3 480 251.2V512H384V416C384 380.7 355.3 352 320 352C284.7 352 256 380.7 256 416V512H160V251.2C160 234.3 168.8 218.7 183.3 210L296 142.4V96H264C250.7 96 240 85.25 240 72C240 58.75 250.7 48 264 48H296V24C296 10.75 306.7 0 320 0C333.3 0 344 10.75 344 24V48zM24.87 330.3L128 273.6V512H48C21.49 512 0 490.5 0 464V372.4C0 354.9 9.53 338.8 24.87 330.3V330.3zM592 512H512V273.6L615.1 330.3C630.5 338.8 640 354.9 640 372.4V464C640 490.5 618.5 512 592 512V512z\"><\/path><\/svg><\/div><div class=\"uagb-ifb-title-wrap\"><h3 class=\"uagb-ifb-title\"><a href=\"https:\/\/www.arqrio.com.br\/app\/painel\/amissa\/amissa.pdf\" type=\"link\" id=\"https:\/\/www.arqrio.com.br\/app\/painel\/amissa\/amissa.pdf\">A MISSA<\/a><\/h3><\/div><p class=\"uagb-ifb-desc\">LITURGIA DA SANTA MISSA<\/p><\/div><\/div>\n<\/div>\n\n\n\n<div class=\"wp-block-uagb-container uagb-block-9020abb9\">\n<div class=\"wp-block-uagb-info-box uagb-block-2cd77fd0 spectra-gbs-liturgia1759526005599 uagb-infobox__content-wrap  uagb-infobox-icon-above-title uagb-infobox-image-valign-top wp-block-uagb-info-box--has-margin\"><div class=\"uagb-infobox-margin-wrapper\"><div class=\"uagb-ifb-content\"><div class=\"uagb-ifb-title-wrap\"><h3 class=\"uagb-ifb-title\"><strong>Forma\u00e7\u00e3o Religiosa <\/strong><\/h3><\/div><div class=\"uagb-ifb-desc\">\n<p class=\"has-small-font-size\" style=\"border-width:10px\">A pr\u00e1tica religiosa com valores crist\u00e3os\u00a0auxilia no desenvolvimento da empatia e da compaix\u00e3o. Quando a fam\u00edlia e a escola trabalham juntas nesse aspecto, as crian\u00e7as t\u00eam a chance de aprender a se colocar no lugar do outro, a fomentar um ambiente de respeito m\u00fatuo e de conviv\u00eancia harmoniosa. Espiritualidade crist\u00e3 \u00e9\u00a0o processo de viver uma vida centrada em Jesus Cristo, buscando um relacionamento profundo com Deus (o Pai, o Filho e o Esp\u00edrito Santo) atrav\u00e9s do seguimento dos Seus ensinamentos, da ora\u00e7\u00e3o, da leitura da B\u00edblia e da pr\u00e1tica do amor, da justi\u00e7a, do perd\u00e3o e da solidariedade, manifestando o car\u00e1ter de Cristo no dia a dia.\u00a0N\u00e3o \u00e9 s\u00f3 religi\u00e3o, mas uma experi\u00eancia transformadora que busca viver sob a orienta\u00e7\u00e3o do Esp\u00edrito Santo, refletindo o amor e a miss\u00e3o de Jesus.<\/p>\n<\/div><\/div><\/div><\/div>\n<\/div>\n\n\n\n<div class=\"wp-block-uagb-container uagb-block-e95ef429\">\n<div class=\"wp-block-uagb-info-box uagb-block-98eac3ec uagb-infobox__content-wrap  uagb-infobox-icon-above-title uagb-infobox-image-valign-top\"><div class=\"uagb-ifb-content\"><div class=\"uagb-ifb-title-wrap\"><h3 class=\"uagb-ifb-title\"><a href=\"https:\/\/www.apelosurgentes.com.br\/pt-br\/mensagens\/\">Mensagens de\u00a0<strong>Nossa Senhora da Paz<\/strong> <strong><br>Clique aqui<\/strong><\/a><br><strong> <\/strong> <\/h3><\/div><p class=\"uagb-ifb-desc\">As Mensagens de\u00a0<strong>Nossa Senhora Rainha da Paz<\/strong>, transmitidas ao confidente Pedro R\u00e9gis em\u00a0<strong>Anguera<\/strong>, Bahia, s\u00e3o focadas em apelos \u00e0 convers\u00e3o, ora\u00e7\u00e3o e fidelidade \u00e0 Igreja Cat\u00f3lica.<br><\/p><\/div><\/div>\n<\/div>\n<\/div>\n\n\n\n<p><\/p>\n","protected":false},"excerpt":{"rendered":"","protected":false},"author":1,"featured_media":0,"parent":0,"menu_order":0,"comment_status":"closed","ping_status":"closed","template":"","meta":{"_uag_custom_page_level_css":"","_monsterinsights_skip_tracking":false,"_monsterinsights_sitenote_active":false,"_monsterinsights_sitenote_note":"","_monsterinsights_sitenote_category":0,"_uf_show_specific_survey":0,"_uf_disable_surveys":false,"site-sidebar-layout":"no-sidebar","site-content-layout":"","ast-site-content-layout":"normal-width-container","site-content-style":"default","site-sidebar-style":"default","ast-global-header-display":"","ast-banner-title-visibility":"","ast-main-header-display":"","ast-hfb-above-header-display":"","ast-hfb-below-header-display":"","ast-hfb-mobile-header-display":"","site-post-title":"","ast-breadcrumbs-content":"","ast-featured-img":"","footer-sml-layout":"","ast-disable-related-posts":"","theme-transparent-header-meta":"","adv-header-id-meta":"","stick-header-meta":"","header-above-stick-meta":"","header-main-stick-meta":"","header-below-stick-meta":"","astra-migrate-meta-layouts":"default","ast-page-background-enabled":"default","ast-page-background-meta":{"desktop":{"background-color":"var(--ast-global-color-5)","background-image":"","background-repeat":"repeat","background-position":"center center","background-size":"auto","background-attachment":"scroll","background-type":"","background-media":"","overlay-type":"","overlay-color":"","overlay-opacity":"","overlay-gradient":""},"tablet":{"background-color":"","background-image":"","background-repeat":"repeat","background-position":"center center","background-size":"auto","background-attachment":"scroll","background-type":"","background-media":"","overlay-type":"","overlay-color":"","overlay-opacity":"","overlay-gradient":""},"mobile":{"background-color":"","background-image":"","background-repeat":"repeat","background-position":"center center","background-size":"auto","background-attachment":"scroll","background-type":"","background-media":"","overlay-type":"","overlay-color":"","overlay-opacity":"","overlay-gradient":""}},"ast-content-background-meta":{"desktop":{"background-color":"var(--ast-global-color-4)","background-image":"","background-repeat":"repeat","background-position":"center center","background-size":"auto","background-attachment":"scroll","background-type":"","background-media":"","overlay-type":"","overlay-color":"","overlay-opacity":"","overlay-gradient":""},"tablet":{"background-color":"var(--ast-global-color-4)","background-image":"","background-repeat":"repeat","background-position":"center center","background-size":"auto","background-attachment":"scroll","background-type":"","background-media":"","overlay-type":"","overlay-color":"","overlay-opacity":"","overlay-gradient":""},"mobile":{"background-color":"var(--ast-global-color-4)","background-image":"","background-repeat":"repeat","background-position":"center center","background-size":"auto","background-attachment":"scroll","background-type":"","background-media":"","overlay-type":"","overlay-color":"","overlay-opacity":"","overlay-gradient":""}},"footnotes":""},"class_list":["post-1244","page","type-page","status-publish","hentry"],"featured_image_src":null,"yoast_head":"<!-- This site is optimized with the Yoast SEO plugin v27.5 - https:\/\/yoast.com\/product\/yoast-seo-wordpress\/ -->\n<title>Home - Liturgia<\/title>\n<meta name=\"description\" content=\"Liturgia Di\u00e1ria\u00a0refere-se \u00e0s\u00a0leituras e ora\u00e7\u00f5es propostas pela Igreja Cat\u00f3lica para cada dia, como um guia para os fi\u00e9is acompanharem a Santa Missa, aprofundarem sua ora\u00e7\u00e3o e medita\u00e7\u00e3o da Palavra de Deus, formando um &quot;trabalho p\u00fablico&quot; de ora\u00e7\u00e3o comunit\u00e1ria para santificar o dia e a vida, com textos b\u00edblicos, salmos e hinos que conectam o crist\u00e3o com a a\u00e7\u00e3o de Cristo e a vida da Igreja.\u00a0\" \/>\n<meta name=\"robots\" content=\"index, follow, max-snippet:-1, max-image-preview:large, max-video-preview:-1\" \/>\n<link rel=\"canonical\" href=\"https:\/\/www.liturgico.criarsite.online\/\" \/>\n<meta property=\"og:locale\" content=\"pt_BR\" \/>\n<meta property=\"og:type\" content=\"article\" \/>\n<meta property=\"og:title\" content=\"Home - Liturgia\" \/>\n<meta property=\"og:description\" content=\"Liturgia Di\u00e1ria\u00a0refere-se \u00e0s\u00a0leituras e ora\u00e7\u00f5es propostas pela Igreja Cat\u00f3lica para cada dia, como um guia para os fi\u00e9is acompanharem a Santa Missa, aprofundarem sua ora\u00e7\u00e3o e medita\u00e7\u00e3o da Palavra de Deus, formando um &quot;trabalho p\u00fablico&quot; de ora\u00e7\u00e3o comunit\u00e1ria para santificar o dia e a vida, com textos b\u00edblicos, salmos e hinos que conectam o crist\u00e3o com a a\u00e7\u00e3o de Cristo e a vida da Igreja.\u00a0\" \/>\n<meta property=\"og:url\" content=\"https:\/\/www.liturgico.criarsite.online\/\" \/>\n<meta property=\"og:site_name\" content=\"Liturgia\" \/>\n<meta property=\"article:publisher\" content=\"https:\/\/www.facebook.com\/CatedraldeAracaju\/\" \/>\n<meta property=\"article:modified_time\" content=\"2026-04-27T16:53:43+00:00\" \/>\n<meta property=\"og:image\" content=\"https:\/\/www.liturgico.criarsite.online\/wp-content\/uploads\/2026\/04\/chalice-8802612_1280.png\" \/>\n\t<meta property=\"og:image:width\" content=\"1280\" \/>\n\t<meta property=\"og:image:height\" content=\"717\" \/>\n\t<meta property=\"og:image:type\" content=\"image\/png\" \/>\n<meta name=\"twitter:card\" content=\"summary_large_image\" \/>\n<meta name=\"twitter:label1\" content=\"Est. tempo de leitura\" \/>\n\t<meta name=\"twitter:data1\" content=\"2 minutos\" \/>\n<script type=\"application\/ld+json\" class=\"yoast-schema-graph\">{\"@context\":\"https:\\\/\\\/schema.org\",\"@graph\":[{\"@type\":\"WebPage\",\"@id\":\"https:\\\/\\\/www.liturgico.criarsite.online\\\/\",\"url\":\"https:\\\/\\\/www.liturgico.criarsite.online\\\/\",\"name\":\"Home - Liturgia\",\"isPartOf\":{\"@id\":\"https:\\\/\\\/www.liturgico.criarsite.online\\\/#website\"},\"primaryImageOfPage\":{\"@id\":\"https:\\\/\\\/www.liturgico.criarsite.online\\\/#primaryimage\"},\"image\":{\"@id\":\"https:\\\/\\\/www.liturgico.criarsite.online\\\/#primaryimage\"},\"thumbnailUrl\":\"https:\\\/\\\/www.liturgico.criarsite.online\\\/wp-content\\\/uploads\\\/2026\\\/04\\\/chalice-8802612_1280.png\",\"datePublished\":\"2025-10-19T21:32:41+00:00\",\"dateModified\":\"2026-04-27T16:53:43+00:00\",\"description\":\"Liturgia Di\u00e1ria\u00a0refere-se \u00e0s\u00a0leituras e ora\u00e7\u00f5es propostas pela Igreja Cat\u00f3lica para cada dia, como um guia para os fi\u00e9is acompanharem a Santa Missa, aprofundarem sua ora\u00e7\u00e3o e medita\u00e7\u00e3o da Palavra de Deus, formando um \\\"trabalho p\u00fablico\\\" de ora\u00e7\u00e3o comunit\u00e1ria para santificar o dia e a vida, com textos b\u00edblicos, salmos e hinos que conectam o crist\u00e3o com a a\u00e7\u00e3o de Cristo e a vida da Igreja.\u00a0\",\"breadcrumb\":{\"@id\":\"https:\\\/\\\/www.liturgico.criarsite.online\\\/#breadcrumb\"},\"inLanguage\":\"pt-BR\",\"potentialAction\":[{\"@type\":\"ReadAction\",\"target\":[\"https:\\\/\\\/www.liturgico.criarsite.online\\\/\"]}]},{\"@type\":\"ImageObject\",\"inLanguage\":\"pt-BR\",\"@id\":\"https:\\\/\\\/www.liturgico.criarsite.online\\\/#primaryimage\",\"url\":\"https:\\\/\\\/www.liturgico.criarsite.online\\\/wp-content\\\/uploads\\\/2026\\\/04\\\/chalice-8802612_1280.png\",\"contentUrl\":\"https:\\\/\\\/www.liturgico.criarsite.online\\\/wp-content\\\/uploads\\\/2026\\\/04\\\/chalice-8802612_1280.png\",\"width\":1280,\"height\":717},{\"@type\":\"BreadcrumbList\",\"@id\":\"https:\\\/\\\/www.liturgico.criarsite.online\\\/#breadcrumb\",\"itemListElement\":[{\"@type\":\"ListItem\",\"position\":1,\"name\":\"In\u00edcio\",\"item\":\"https:\\\/\\\/www.liturgico.criarsite.online\\\/\"},{\"@type\":\"ListItem\",\"position\":2,\"name\":\"Home\"}]},{\"@type\":\"WebSite\",\"@id\":\"https:\\\/\\\/www.liturgico.criarsite.online\\\/#website\",\"url\":\"https:\\\/\\\/www.liturgico.criarsite.online\\\/\",\"name\":\"https:\\\/\\\/www.liturgico.criarsite.online\\\/\",\"description\":\"Liturgia Di\u00e1ria\",\"publisher\":{\"@id\":\"https:\\\/\\\/www.liturgico.criarsite.online\\\/#organization\"},\"potentialAction\":[{\"@type\":\"SearchAction\",\"target\":{\"@type\":\"EntryPoint\",\"urlTemplate\":\"https:\\\/\\\/www.liturgico.criarsite.online\\\/?s={search_term_string}\"},\"query-input\":{\"@type\":\"PropertyValueSpecification\",\"valueRequired\":true,\"valueName\":\"search_term_string\"}}],\"inLanguage\":\"pt-BR\"},{\"@type\":\"Organization\",\"@id\":\"https:\\\/\\\/www.liturgico.criarsite.online\\\/#organization\",\"name\":\"Liturgia di\u00e1ria\",\"url\":\"https:\\\/\\\/www.liturgico.criarsite.online\\\/\",\"logo\":{\"@type\":\"ImageObject\",\"inLanguage\":\"pt-BR\",\"@id\":\"https:\\\/\\\/www.liturgico.criarsite.online\\\/#\\\/schema\\\/logo\\\/image\\\/\",\"url\":\"https:\\\/\\\/www.liturgico.criarsite.online\\\/wp-content\\\/uploads\\\/2026\\\/04\\\/cropped-cropped-chalice-8802612_1280.png\",\"contentUrl\":\"https:\\\/\\\/www.liturgico.criarsite.online\\\/wp-content\\\/uploads\\\/2026\\\/04\\\/cropped-cropped-chalice-8802612_1280.png\",\"width\":512,\"height\":484,\"caption\":\"Liturgia di\u00e1ria\"},\"image\":{\"@id\":\"https:\\\/\\\/www.liturgico.criarsite.online\\\/#\\\/schema\\\/logo\\\/image\\\/\"},\"sameAs\":[\"https:\\\/\\\/www.facebook.com\\\/CatedraldeAracaju\\\/\",\"https:\\\/\\\/www.instagram.com\\\/movimento_vida_crista\\\/\",\"https:\\\/\\\/www.youtube.com\\\/@catedralaju\"]}]}<\/script>\n<!-- \/ Yoast SEO plugin. -->","yoast_head_json":{"title":"Home - Liturgia","description":"Liturgia Di\u00e1ria\u00a0refere-se \u00e0s\u00a0leituras e ora\u00e7\u00f5es propostas pela Igreja Cat\u00f3lica para cada dia, como um guia para os fi\u00e9is acompanharem a Santa Missa, aprofundarem sua ora\u00e7\u00e3o e medita\u00e7\u00e3o da Palavra de Deus, formando um \"trabalho p\u00fablico\" de ora\u00e7\u00e3o comunit\u00e1ria para santificar o dia e a vida, com textos b\u00edblicos, salmos e hinos que conectam o crist\u00e3o com a a\u00e7\u00e3o de Cristo e a vida da Igreja.\u00a0","robots":{"index":"index","follow":"follow","max-snippet":"max-snippet:-1","max-image-preview":"max-image-preview:large","max-video-preview":"max-video-preview:-1"},"canonical":"https:\/\/www.liturgico.criarsite.online\/","og_locale":"pt_BR","og_type":"article","og_title":"Home - Liturgia","og_description":"Liturgia Di\u00e1ria\u00a0refere-se \u00e0s\u00a0leituras e ora\u00e7\u00f5es propostas pela Igreja Cat\u00f3lica para cada dia, como um guia para os fi\u00e9is acompanharem a Santa Missa, aprofundarem sua ora\u00e7\u00e3o e medita\u00e7\u00e3o da Palavra de Deus, formando um \"trabalho p\u00fablico\" de ora\u00e7\u00e3o comunit\u00e1ria para santificar o dia e a vida, com textos b\u00edblicos, salmos e hinos que conectam o crist\u00e3o com a a\u00e7\u00e3o de Cristo e a vida da Igreja.\u00a0","og_url":"https:\/\/www.liturgico.criarsite.online\/","og_site_name":"Liturgia","article_publisher":"https:\/\/www.facebook.com\/CatedraldeAracaju\/","article_modified_time":"2026-04-27T16:53:43+00:00","og_image":[{"width":1280,"height":717,"url":"https:\/\/www.liturgico.criarsite.online\/wp-content\/uploads\/2026\/04\/chalice-8802612_1280.png","type":"image\/png"}],"twitter_card":"summary_large_image","twitter_misc":{"Est. tempo de leitura":"2 minutos"},"schema":{"@context":"https:\/\/schema.org","@graph":[{"@type":"WebPage","@id":"https:\/\/www.liturgico.criarsite.online\/","url":"https:\/\/www.liturgico.criarsite.online\/","name":"Home - Liturgia","isPartOf":{"@id":"https:\/\/www.liturgico.criarsite.online\/#website"},"primaryImageOfPage":{"@id":"https:\/\/www.liturgico.criarsite.online\/#primaryimage"},"image":{"@id":"https:\/\/www.liturgico.criarsite.online\/#primaryimage"},"thumbnailUrl":"https:\/\/www.liturgico.criarsite.online\/wp-content\/uploads\/2026\/04\/chalice-8802612_1280.png","datePublished":"2025-10-19T21:32:41+00:00","dateModified":"2026-04-27T16:53:43+00:00","description":"Liturgia Di\u00e1ria\u00a0refere-se \u00e0s\u00a0leituras e ora\u00e7\u00f5es propostas pela Igreja Cat\u00f3lica para cada dia, como um guia para os fi\u00e9is acompanharem a Santa Missa, aprofundarem sua ora\u00e7\u00e3o e medita\u00e7\u00e3o da Palavra de Deus, formando um \"trabalho p\u00fablico\" de ora\u00e7\u00e3o comunit\u00e1ria para santificar o dia e a vida, com textos b\u00edblicos, salmos e hinos que conectam o crist\u00e3o com a a\u00e7\u00e3o de Cristo e a vida da Igreja.\u00a0","breadcrumb":{"@id":"https:\/\/www.liturgico.criarsite.online\/#breadcrumb"},"inLanguage":"pt-BR","potentialAction":[{"@type":"ReadAction","target":["https:\/\/www.liturgico.criarsite.online\/"]}]},{"@type":"ImageObject","inLanguage":"pt-BR","@id":"https:\/\/www.liturgico.criarsite.online\/#primaryimage","url":"https:\/\/www.liturgico.criarsite.online\/wp-content\/uploads\/2026\/04\/chalice-8802612_1280.png","contentUrl":"https:\/\/www.liturgico.criarsite.online\/wp-content\/uploads\/2026\/04\/chalice-8802612_1280.png","width":1280,"height":717},{"@type":"BreadcrumbList","@id":"https:\/\/www.liturgico.criarsite.online\/#breadcrumb","itemListElement":[{"@type":"ListItem","position":1,"name":"In\u00edcio","item":"https:\/\/www.liturgico.criarsite.online\/"},{"@type":"ListItem","position":2,"name":"Home"}]},{"@type":"WebSite","@id":"https:\/\/www.liturgico.criarsite.online\/#website","url":"https:\/\/www.liturgico.criarsite.online\/","name":"https:\/\/www.liturgico.criarsite.online\/","description":"Liturgia Di\u00e1ria","publisher":{"@id":"https:\/\/www.liturgico.criarsite.online\/#organization"},"potentialAction":[{"@type":"SearchAction","target":{"@type":"EntryPoint","urlTemplate":"https:\/\/www.liturgico.criarsite.online\/?s={search_term_string}"},"query-input":{"@type":"PropertyValueSpecification","valueRequired":true,"valueName":"search_term_string"}}],"inLanguage":"pt-BR"},{"@type":"Organization","@id":"https:\/\/www.liturgico.criarsite.online\/#organization","name":"Liturgia di\u00e1ria","url":"https:\/\/www.liturgico.criarsite.online\/","logo":{"@type":"ImageObject","inLanguage":"pt-BR","@id":"https:\/\/www.liturgico.criarsite.online\/#\/schema\/logo\/image\/","url":"https:\/\/www.liturgico.criarsite.online\/wp-content\/uploads\/2026\/04\/cropped-cropped-chalice-8802612_1280.png","contentUrl":"https:\/\/www.liturgico.criarsite.online\/wp-content\/uploads\/2026\/04\/cropped-cropped-chalice-8802612_1280.png","width":512,"height":484,"caption":"Liturgia di\u00e1ria"},"image":{"@id":"https:\/\/www.liturgico.criarsite.online\/#\/schema\/logo\/image\/"},"sameAs":["https:\/\/www.facebook.com\/CatedraldeAracaju\/","https:\/\/www.instagram.com\/movimento_vida_crista\/","https:\/\/www.youtube.com\/@catedralaju"]}]}},"uagb_featured_image_src":{"full":false,"thumbnail":false,"medium":false,"medium_large":false,"large":false,"1536x1536":false,"2048x2048":false},"uagb_author_info":{"display_name":"Siqueira","author_link":"https:\/\/www.liturgico.criarsite.online\/?author=1"},"uagb_comment_info":0,"uagb_excerpt":null,"_links":{"self":[{"href":"https:\/\/www.liturgico.criarsite.online\/index.php?rest_route=\/wp\/v2\/pages\/1244","targetHints":{"allow":["GET"]}}],"collection":[{"href":"https:\/\/www.liturgico.criarsite.online\/index.php?rest_route=\/wp\/v2\/pages"}],"about":[{"href":"https:\/\/www.liturgico.criarsite.online\/index.php?rest_route=\/wp\/v2\/types\/page"}],"author":[{"embeddable":true,"href":"https:\/\/www.liturgico.criarsite.online\/index.php?rest_route=\/wp\/v2\/users\/1"}],"replies":[{"embeddable":true,"href":"https:\/\/www.liturgico.criarsite.online\/index.php?rest_route=%2Fwp%2Fv2%2Fcomments&post=1244"}],"version-history":[{"count":115,"href":"https:\/\/www.liturgico.criarsite.online\/index.php?rest_route=\/wp\/v2\/pages\/1244\/revisions"}],"predecessor-version":[{"id":2280,"href":"https:\/\/www.liturgico.criarsite.online\/index.php?rest_route=\/wp\/v2\/pages\/1244\/revisions\/2280"}],"wp:attachment":[{"href":"https:\/\/www.liturgico.criarsite.online\/index.php?rest_route=%2Fwp%2Fv2%2Fmedia&parent=1244"}],"curies":[{"name":"wp","href":"https:\/\/api.w.org\/{rel}","templated":true}]}}